{"id":47,"date":"2017-04-05T17:45:26","date_gmt":"2017-04-05T15:45:26","guid":{"rendered":"http:\/\/www.k2projekt.com.pl\/cookie-policy\/"},"modified":"2017-04-05T17:56:47","modified_gmt":"2017-04-05T15:56:47","slug":"cookie-policy","status":"publish","type":"page","link":"https:\/\/www.k2projekt.com.pl\/?page_id=47","title":{"rendered":"Polityka prywatno\u015bci"},"content":{"rendered":"<p>Niniejszy serwis nie zbiera w spos\u00f3b automatyczny \u017cadnych informacji, z wyj\u0105tkiem informacji zawartych w plikach cookies. Pliki cookies (tzw. \u201eciasteczka\u201d) stanowi\u0105 dane informatyczne, w szczeg\u00f3lno\u015bci pliki tekstowe, kt\u00f3re przechowywane s\u0105 w urz\u0105dzeniu ko\u0144cowym U\u017cytkownika Serwisu i przeznaczone s\u0105 do korzystania ze stron internetowych Serwisu. Cookies zazwyczaj zawieraj\u0105 nazw\u0119 strony internetowej, z kt\u00f3rej pochodz\u0105, czas przechowywania ich na urz\u0105dzeniu ko\u0144cowym oraz unikalny numer.<br \/>\nPodmiotem zamieszczaj\u0105cym na urz\u0105dzeniu ko\u0144cowym U\u017cytkownika Serwisu pliki cookies oraz uzyskuj\u0105cym do nich dost\u0119p jest operator Serwisu k2projekt.com.pl<br \/>\nW tym serwisie Pliki cookies wykorzystywane s\u0105 wy\u0142\u0105cznie w celach statystycznych.<\/p>\n<p>Wi\u0119cej informacji o plikach cookies, tak zwanych ciasteczkach, mo\u017cna znale\u017a\u0107 mi\u0119dzy innymi pod adresem: <a title=\"ciasteczka\" href=\"http:\/\/www.wszystkoociasteczkach.pl\" target=\"_blank\">www.wszystkoociasteczkach.pl<\/a><\/p>\n","protected":false},"excerpt":{"rendered":"<p>Niniejszy serwis nie zbiera w spos\u00f3b automatyczny \u017cadnych informacji, z wyj\u0105tkiem informacji zawartych w plikach cookies. Pliki cookies (tzw. \u201eciasteczka\u201d) stanowi\u0105 dane informatyczne, w szczeg\u00f3lno\u015bci pliki tekstowe, kt\u00f3re&#8230;<\/p>\n","protected":false},"author":1,"featured_media":0,"parent":50,"menu_order":0,"comment_status":"closed","ping_status":"closed","template":"","meta":{"footnotes":""},"class_list":["post-47","page","type-page","status-publish","hentry"],"yoast_head":"<!-- This site is optimized with the Yoast SEO plugin v27.5 - https:\/\/yoast.com\/product\/yoast-seo-wordpress\/ -->\n<title>Polityka prywatno\u015bci - k2projekt<\/title>\n<meta name=\"robots\" content=\"index, follow, max-snippet:-1, max-image-preview:large, max-video-preview:-1\" \/>\n<link rel=\"canonical\" href=\"https:\/\/www.k2projekt.com.pl\/?page_id=47\" \/>\n<meta property=\"og:locale\" content=\"pl_PL\" \/>\n<meta property=\"og:type\" content=\"article\" \/>\n<meta property=\"og:title\" content=\"Polityka prywatno\u015bci - k2projekt\" \/>\n<meta property=\"og:description\" content=\"Niniejszy serwis nie zbiera w spos\u00f3b automatyczny \u017cadnych informacji, z wyj\u0105tkiem informacji zawartych w plikach cookies. Pliki cookies (tzw. \u201eciasteczka\u201d) stanowi\u0105 dane informatyczne, w szczeg\u00f3lno\u015bci pliki tekstowe, kt\u00f3re...\" \/>\n<meta property=\"og:url\" content=\"https:\/\/www.k2projekt.com.pl\/?page_id=47\" \/>\n<meta property=\"og:site_name\" content=\"k2projekt\" \/>\n<meta property=\"article:modified_time\" content=\"2017-04-05T15:56:47+00:00\" \/>\n<meta name=\"twitter:card\" content=\"summary_large_image\" \/>\n<meta name=\"twitter:label1\" content=\"Szacowany czas czytania\" \/>\n\t<meta name=\"twitter:data1\" content=\"1 minuta\" \/>\n<script type=\"application\/ld+json\" class=\"yoast-schema-graph\">{\"@context\":\"https:\\\/\\\/schema.org\",\"@graph\":[{\"@type\":\"WebPage\",\"@id\":\"https:\\\/\\\/www.k2projekt.com.pl\\\/?page_id=47\",\"url\":\"https:\\\/\\\/www.k2projekt.com.pl\\\/?page_id=47\",\"name\":\"Polityka prywatno\u015bci - k2projekt\",\"isPartOf\":{\"@id\":\"https:\\\/\\\/www.k2projekt.com.pl\\\/#website\"},\"datePublished\":\"2017-04-05T15:45:26+00:00\",\"dateModified\":\"2017-04-05T15:56:47+00:00\",\"breadcrumb\":{\"@id\":\"https:\\\/\\\/www.k2projekt.com.pl\\\/?page_id=47#breadcrumb\"},\"inLanguage\":\"pl-PL\",\"potentialAction\":[{\"@type\":\"ReadAction\",\"target\":[\"https:\\\/\\\/www.k2projekt.com.pl\\\/?page_id=47\"]}]},{\"@type\":\"BreadcrumbList\",\"@id\":\"https:\\\/\\\/www.k2projekt.com.pl\\\/?page_id=47#breadcrumb\",\"itemListElement\":[{\"@type\":\"ListItem\",\"position\":1,\"name\":\"Strona g\u0142\u00f3wna\",\"item\":\"https:\\\/\\\/www.k2projekt.com.pl\\\/\"},{\"@type\":\"ListItem\",\"position\":2,\"name\":\"Menu\",\"item\":\"https:\\\/\\\/www.k2projekt.com.pl\\\/?page_id=50\"},{\"@type\":\"ListItem\",\"position\":3,\"name\":\"Polityka prywatno\u015bci\"}]},{\"@type\":\"WebSite\",\"@id\":\"https:\\\/\\\/www.k2projekt.com.pl\\\/#website\",\"url\":\"https:\\\/\\\/www.k2projekt.com.pl\\\/\",\"name\":\"k2projekt\",\"description\":\"Krzysztof Karpi\u0144ski\",\"publisher\":{\"@id\":\"https:\\\/\\\/www.k2projekt.com.pl\\\/#\\\/schema\\\/person\\\/ae59e520a6eee8fa26521dd61a153b57\"},\"potentialAction\":[{\"@type\":\"SearchAction\",\"target\":{\"@type\":\"EntryPoint\",\"urlTemplate\":\"https:\\\/\\\/www.k2projekt.com.pl\\\/?s={search_term_string}\"},\"query-input\":{\"@type\":\"PropertyValueSpecification\",\"valueRequired\":true,\"valueName\":\"search_term_string\"}}],\"inLanguage\":\"pl-PL\"},{\"@type\":[\"Person\",\"Organization\"],\"@id\":\"https:\\\/\\\/www.k2projekt.com.pl\\\/#\\\/schema\\\/person\\\/ae59e520a6eee8fa26521dd61a153b57\",\"name\":\"karpik\",\"image\":{\"@type\":\"ImageObject\",\"inLanguage\":\"pl-PL\",\"@id\":\"https:\\\/\\\/www.k2projekt.com.pl\\\/wp-content\\\/uploads\\\/2019\\\/05\\\/KTW_41.jpg\",\"url\":\"https:\\\/\\\/www.k2projekt.com.pl\\\/wp-content\\\/uploads\\\/2019\\\/05\\\/KTW_41.jpg\",\"contentUrl\":\"https:\\\/\\\/www.k2projekt.com.pl\\\/wp-content\\\/uploads\\\/2019\\\/05\\\/KTW_41.jpg\",\"width\":1200,\"height\":799,\"caption\":\"karpik\"},\"logo\":{\"@id\":\"https:\\\/\\\/www.k2projekt.com.pl\\\/wp-content\\\/uploads\\\/2019\\\/05\\\/KTW_41.jpg\"}}]}<\/script>\n<!-- \/ Yoast SEO plugin. -->","yoast_head_json":{"title":"Polityka prywatno\u015bci - k2projekt","robots":{"index":"index","follow":"follow","max-snippet":"max-snippet:-1","max-image-preview":"max-image-preview:large","max-video-preview":"max-video-preview:-1"},"canonical":"https:\/\/www.k2projekt.com.pl\/?page_id=47","og_locale":"pl_PL","og_type":"article","og_title":"Polityka prywatno\u015bci - k2projekt","og_description":"Niniejszy serwis nie zbiera w spos\u00f3b automatyczny \u017cadnych informacji, z wyj\u0105tkiem informacji zawartych w plikach cookies. Pliki cookies (tzw. \u201eciasteczka\u201d) stanowi\u0105 dane informatyczne, w szczeg\u00f3lno\u015bci pliki tekstowe, kt\u00f3re...","og_url":"https:\/\/www.k2projekt.com.pl\/?page_id=47","og_site_name":"k2projekt","article_modified_time":"2017-04-05T15:56:47+00:00","twitter_card":"summary_large_image","twitter_misc":{"Szacowany czas czytania":"1 minuta"},"schema":{"@context":"https:\/\/schema.org","@graph":[{"@type":"WebPage","@id":"https:\/\/www.k2projekt.com.pl\/?page_id=47","url":"https:\/\/www.k2projekt.com.pl\/?page_id=47","name":"Polityka prywatno\u015bci - k2projekt","isPartOf":{"@id":"https:\/\/www.k2projekt.com.pl\/#website"},"datePublished":"2017-04-05T15:45:26+00:00","dateModified":"2017-04-05T15:56:47+00:00","breadcrumb":{"@id":"https:\/\/www.k2projekt.com.pl\/?page_id=47#breadcrumb"},"inLanguage":"pl-PL","potentialAction":[{"@type":"ReadAction","target":["https:\/\/www.k2projekt.com.pl\/?page_id=47"]}]},{"@type":"BreadcrumbList","@id":"https:\/\/www.k2projekt.com.pl\/?page_id=47#breadcrumb","itemListElement":[{"@type":"ListItem","position":1,"name":"Strona g\u0142\u00f3wna","item":"https:\/\/www.k2projekt.com.pl\/"},{"@type":"ListItem","position":2,"name":"Menu","item":"https:\/\/www.k2projekt.com.pl\/?page_id=50"},{"@type":"ListItem","position":3,"name":"Polityka prywatno\u015bci"}]},{"@type":"WebSite","@id":"https:\/\/www.k2projekt.com.pl\/#website","url":"https:\/\/www.k2projekt.com.pl\/","name":"k2projekt","description":"Krzysztof Karpi\u0144ski","publisher":{"@id":"https:\/\/www.k2projekt.com.pl\/#\/schema\/person\/ae59e520a6eee8fa26521dd61a153b57"},"potentialAction":[{"@type":"SearchAction","target":{"@type":"EntryPoint","urlTemplate":"https:\/\/www.k2projekt.com.pl\/?s={search_term_string}"},"query-input":{"@type":"PropertyValueSpecification","valueRequired":true,"valueName":"search_term_string"}}],"inLanguage":"pl-PL"},{"@type":["Person","Organization"],"@id":"https:\/\/www.k2projekt.com.pl\/#\/schema\/person\/ae59e520a6eee8fa26521dd61a153b57","name":"karpik","image":{"@type":"ImageObject","inLanguage":"pl-PL","@id":"https:\/\/www.k2projekt.com.pl\/wp-content\/uploads\/2019\/05\/KTW_41.jpg","url":"https:\/\/www.k2projekt.com.pl\/wp-content\/uploads\/2019\/05\/KTW_41.jpg","contentUrl":"https:\/\/www.k2projekt.com.pl\/wp-content\/uploads\/2019\/05\/KTW_41.jpg","width":1200,"height":799,"caption":"karpik"},"logo":{"@id":"https:\/\/www.k2projekt.com.pl\/wp-content\/uploads\/2019\/05\/KTW_41.jpg"}}]}},"_links":{"self":[{"href":"https:\/\/www.k2projekt.com.pl\/index.php?rest_route=\/wp\/v2\/pages\/47","targetHints":{"allow":["GET"]}}],"collection":[{"href":"https:\/\/www.k2projekt.com.pl\/index.php?rest_route=\/wp\/v2\/pages"}],"about":[{"href":"https:\/\/www.k2projekt.com.pl\/index.php?rest_route=\/wp\/v2\/types\/page"}],"author":[{"embeddable":true,"href":"https:\/\/www.k2projekt.com.pl\/index.php?rest_route=\/wp\/v2\/users\/1"}],"replies":[{"embeddable":true,"href":"https:\/\/www.k2projekt.com.pl\/index.php?rest_route=%2Fwp%2Fv2%2Fcomments&post=47"}],"version-history":[{"count":2,"href":"https:\/\/www.k2projekt.com.pl\/index.php?rest_route=\/wp\/v2\/pages\/47\/revisions"}],"predecessor-version":[{"id":57,"href":"https:\/\/www.k2projekt.com.pl\/index.php?rest_route=\/wp\/v2\/pages\/47\/revisions\/57"}],"up":[{"embeddable":true,"href":"https:\/\/www.k2projekt.com.pl\/index.php?rest_route=\/wp\/v2\/pages\/50"}],"wp:attachment":[{"href":"https:\/\/www.k2projekt.com.pl\/index.php?rest_route=%2Fwp%2Fv2%2Fmedia&parent=47"}],"curies":[{"name":"wp","href":"https:\/\/api.w.org\/{rel}","templated":true}]}}