{"id":839,"date":"2017-10-29T17:59:09","date_gmt":"2017-10-29T16:59:09","guid":{"rendered":"http:\/\/www.k2projekt.com.pl\/?page_id=839"},"modified":"2020-04-07T14:29:59","modified_gmt":"2020-04-07T12:29:59","slug":"reprodukcje","status":"publish","type":"page","link":"https:\/\/www.k2projekt.com.pl\/?page_id=839","title":{"rendered":"Reprodukcje"},"content":{"rendered":"<p>Je\u015bli podobaj\u0105 Wam si\u0119 moje zdj\u0119cia i chcieliby\u015bcie mie\u0107 je u siebie w domu, biurze, mieszkaniu &#8211; napiszcie do mnie \ud83d\ude42<br \/>\nProponuj\u0119 wydruki na piance, wydruki na p\u0142\u00f3tnie oraz szereg innych opcji aby\u015bcie mogli cieszy\u0107 oczy \u0142adnymi widokami \ud83d\ude42<br \/>\nMo\u017cecie tak\u017ce zam\u00f3wi\u0107 album z Waszymi zdj\u0119ciami. Jest tak\u017ce mo\u017cliwo\u015b\u0107 zrobienia albumu sk\u0142adaj\u0105cego si\u0119 z wybranych<br \/>\nprzez Was zdj\u0119\u0107 z moich zasob\u00f3w. Mo\u017cliwo\u015bci s\u0105 nieograniczone \ud83d\ude42<br \/>\nMa\u0142a pr\u00f3bka tego znajduje si\u0119 poni\u017cej.<\/p>\n<p><img decoding=\"async\" src=\"https:\/\/www.k2projekt.com.pl\/wp-content\/uploads\/2019\/12\/Dodatki_01.jpg\" alt=\"\" width=\"1200\" height=\"798\" class=\"aligncenter size-full wp-image-4570 no-lazyload\" srcset=\"https:\/\/www.k2projekt.com.pl\/wp-content\/uploads\/2019\/12\/Dodatki_01.jpg 1200w, https:\/\/www.k2projekt.com.pl\/wp-content\/uploads\/2019\/12\/Dodatki_01-300x200.jpg 300w, https:\/\/www.k2projekt.com.pl\/wp-content\/uploads\/2019\/12\/Dodatki_01-1024x681.jpg 1024w, https:\/\/www.k2projekt.com.pl\/wp-content\/uploads\/2019\/12\/Dodatki_01-768x511.jpg 768w\" sizes=\"(max-width: 1200px) 100vw, 1200px\" \/><\/p>\n<p><img decoding=\"async\" src=\"https:\/\/www.k2projekt.com.pl\/wp-content\/uploads\/2019\/12\/Dodatki_02.jpg\" alt=\"\" width=\"1200\" height=\"800\" class=\"aligncenter size-full wp-image-4571 no-lazyload\" srcset=\"https:\/\/www.k2projekt.com.pl\/wp-content\/uploads\/2019\/12\/Dodatki_02.jpg 1200w, https:\/\/www.k2projekt.com.pl\/wp-content\/uploads\/2019\/12\/Dodatki_02-300x200.jpg 300w, https:\/\/www.k2projekt.com.pl\/wp-content\/uploads\/2019\/12\/Dodatki_02-1024x683.jpg 1024w, https:\/\/www.k2projekt.com.pl\/wp-content\/uploads\/2019\/12\/Dodatki_02-768x512.jpg 768w\" sizes=\"(max-width: 1200px) 100vw, 1200px\" \/><\/p>\n<p><img decoding=\"async\" src=\"https:\/\/www.k2projekt.com.pl\/wp-content\/uploads\/2019\/12\/Dodatki_03.jpg\" alt=\"\" width=\"1200\" height=\"799\" class=\"aligncenter size-full wp-image-4572 no-lazyload\" srcset=\"https:\/\/www.k2projekt.com.pl\/wp-content\/uploads\/2019\/12\/Dodatki_03.jpg 1200w, https:\/\/www.k2projekt.com.pl\/wp-content\/uploads\/2019\/12\/Dodatki_03-300x200.jpg 300w, https:\/\/www.k2projekt.com.pl\/wp-content\/uploads\/2019\/12\/Dodatki_03-1024x682.jpg 1024w, https:\/\/www.k2projekt.com.pl\/wp-content\/uploads\/2019\/12\/Dodatki_03-768x511.jpg 768w\" sizes=\"(max-width: 1200px) 100vw, 1200px\" \/><\/p>\n<p><img decoding=\"async\" src=\"https:\/\/www.k2projekt.com.pl\/wp-content\/uploads\/2019\/12\/Dodatki_04.jpg\" alt=\"\" width=\"1200\" height=\"799\" class=\"aligncenter size-full wp-image-4573 no-lazyload\" srcset=\"https:\/\/www.k2projekt.com.pl\/wp-content\/uploads\/2019\/12\/Dodatki_04.jpg 1200w, https:\/\/www.k2projekt.com.pl\/wp-content\/uploads\/2019\/12\/Dodatki_04-300x200.jpg 300w, https:\/\/www.k2projekt.com.pl\/wp-content\/uploads\/2019\/12\/Dodatki_04-1024x682.jpg 1024w, https:\/\/www.k2projekt.com.pl\/wp-content\/uploads\/2019\/12\/Dodatki_04-768x511.jpg 768w\" sizes=\"(max-width: 1200px) 100vw, 1200px\" \/><\/p>\n<p><img decoding=\"async\" src=\"https:\/\/www.k2projekt.com.pl\/wp-content\/uploads\/2019\/12\/Dodatki_05.jpg\" alt=\"\" width=\"1200\" height=\"798\" class=\"aligncenter size-full wp-image-4574 no-lazyload\" srcset=\"https:\/\/www.k2projekt.com.pl\/wp-content\/uploads\/2019\/12\/Dodatki_05.jpg 1200w, https:\/\/www.k2projekt.com.pl\/wp-content\/uploads\/2019\/12\/Dodatki_05-300x200.jpg 300w, https:\/\/www.k2projekt.com.pl\/wp-content\/uploads\/2019\/12\/Dodatki_05-1024x681.jpg 1024w, https:\/\/www.k2projekt.com.pl\/wp-content\/uploads\/2019\/12\/Dodatki_05-768x511.jpg 768w\" sizes=\"(max-width: 1200px) 100vw, 1200px\" \/><\/p>\n<p><img decoding=\"async\" src=\"https:\/\/www.k2projekt.com.pl\/wp-content\/uploads\/2019\/12\/Dodatki_06.jpg\" alt=\"\" width=\"1200\" height=\"799\" class=\"aligncenter size-full wp-image-4575 no-lazyload\" srcset=\"https:\/\/www.k2projekt.com.pl\/wp-content\/uploads\/2019\/12\/Dodatki_06.jpg 1200w, https:\/\/www.k2projekt.com.pl\/wp-content\/uploads\/2019\/12\/Dodatki_06-300x200.jpg 300w, https:\/\/www.k2projekt.com.pl\/wp-content\/uploads\/2019\/12\/Dodatki_06-1024x682.jpg 1024w, https:\/\/www.k2projekt.com.pl\/wp-content\/uploads\/2019\/12\/Dodatki_06-768x511.jpg 768w\" sizes=\"(max-width: 1200px) 100vw, 1200px\" \/><\/p>\n<p><img decoding=\"async\" src=\"https:\/\/www.k2projekt.com.pl\/wp-content\/uploads\/2019\/12\/Dodatki_07.jpg\" alt=\"\" width=\"1200\" height=\"798\" class=\"aligncenter size-full wp-image-4576 no-lazyload\" srcset=\"https:\/\/www.k2projekt.com.pl\/wp-content\/uploads\/2019\/12\/Dodatki_07.jpg 1200w, https:\/\/www.k2projekt.com.pl\/wp-content\/uploads\/2019\/12\/Dodatki_07-300x200.jpg 300w, https:\/\/www.k2projekt.com.pl\/wp-content\/uploads\/2019\/12\/Dodatki_07-1024x681.jpg 1024w, https:\/\/www.k2projekt.com.pl\/wp-content\/uploads\/2019\/12\/Dodatki_07-768x511.jpg 768w\" sizes=\"(max-width: 1200px) 100vw, 1200px\" \/><\/p>\n<p><img decoding=\"async\" src=\"https:\/\/www.k2projekt.com.pl\/wp-content\/uploads\/2019\/12\/Dodatki_08.jpg\" alt=\"\" width=\"1200\" height=\"800\" class=\"aligncenter size-full wp-image-4577 no-lazyload\" srcset=\"https:\/\/www.k2projekt.com.pl\/wp-content\/uploads\/2019\/12\/Dodatki_08.jpg 1200w, https:\/\/www.k2projekt.com.pl\/wp-content\/uploads\/2019\/12\/Dodatki_08-300x200.jpg 300w, https:\/\/www.k2projekt.com.pl\/wp-content\/uploads\/2019\/12\/Dodatki_08-1024x683.jpg 1024w, https:\/\/www.k2projekt.com.pl\/wp-content\/uploads\/2019\/12\/Dodatki_08-768x512.jpg 768w\" sizes=\"(max-width: 1200px) 100vw, 1200px\" \/><\/p>\n<p><img decoding=\"async\" src=\"https:\/\/www.k2projekt.com.pl\/wp-content\/uploads\/2019\/12\/Dodatki_09.jpg\" alt=\"\" width=\"1200\" height=\"798\" class=\"aligncenter size-full wp-image-4578 no-lazyload\" srcset=\"https:\/\/www.k2projekt.com.pl\/wp-content\/uploads\/2019\/12\/Dodatki_09.jpg 1200w, https:\/\/www.k2projekt.com.pl\/wp-content\/uploads\/2019\/12\/Dodatki_09-300x200.jpg 300w, https:\/\/www.k2projekt.com.pl\/wp-content\/uploads\/2019\/12\/Dodatki_09-1024x681.jpg 1024w, https:\/\/www.k2projekt.com.pl\/wp-content\/uploads\/2019\/12\/Dodatki_09-768x511.jpg 768w\" sizes=\"(max-width: 1200px) 100vw, 1200px\" \/><\/p>\n<p><img decoding=\"async\" src=\"https:\/\/www.k2projekt.com.pl\/wp-content\/uploads\/2019\/12\/Dodatki_10.jpg\" alt=\"\" width=\"1200\" height=\"799\" class=\"aligncenter size-full wp-image-4579 no-lazyload\" srcset=\"https:\/\/www.k2projekt.com.pl\/wp-content\/uploads\/2019\/12\/Dodatki_10.jpg 1200w, https:\/\/www.k2projekt.com.pl\/wp-content\/uploads\/2019\/12\/Dodatki_10-300x200.jpg 300w, https:\/\/www.k2projekt.com.pl\/wp-content\/uploads\/2019\/12\/Dodatki_10-1024x682.jpg 1024w, https:\/\/www.k2projekt.com.pl\/wp-content\/uploads\/2019\/12\/Dodatki_10-768x511.jpg 768w\" sizes=\"(max-width: 1200px) 100vw, 1200px\" \/><\/p>\n<p><img decoding=\"async\" src=\"https:\/\/www.k2projekt.com.pl\/wp-content\/uploads\/2019\/12\/Dodatki_11.jpg\" alt=\"\" width=\"1200\" height=\"1123\" class=\"aligncenter size-full wp-image-4580 no-lazyload\" srcset=\"https:\/\/www.k2projekt.com.pl\/wp-content\/uploads\/2019\/12\/Dodatki_11.jpg 1200w, https:\/\/www.k2projekt.com.pl\/wp-content\/uploads\/2019\/12\/Dodatki_11-300x281.jpg 300w, https:\/\/www.k2projekt.com.pl\/wp-content\/uploads\/2019\/12\/Dodatki_11-1024x958.jpg 1024w, https:\/\/www.k2projekt.com.pl\/wp-content\/uploads\/2019\/12\/Dodatki_11-768x719.jpg 768w\" sizes=\"(max-width: 1200px) 100vw, 1200px\" \/><\/p>\n<p><img decoding=\"async\" src=\"https:\/\/www.k2projekt.com.pl\/wp-content\/uploads\/2019\/12\/Dodatki_13.jpg\" alt=\"\" width=\"1200\" height=\"799\" class=\"aligncenter size-full wp-image-4581 no-lazyload\" srcset=\"https:\/\/www.k2projekt.com.pl\/wp-content\/uploads\/2019\/12\/Dodatki_13.jpg 1200w, https:\/\/www.k2projekt.com.pl\/wp-content\/uploads\/2019\/12\/Dodatki_13-300x200.jpg 300w, https:\/\/www.k2projekt.com.pl\/wp-content\/uploads\/2019\/12\/Dodatki_13-1024x682.jpg 1024w, https:\/\/www.k2projekt.com.pl\/wp-content\/uploads\/2019\/12\/Dodatki_13-768x511.jpg 768w\" sizes=\"(max-width: 1200px) 100vw, 1200px\" \/><\/p>\n<p><img decoding=\"async\" src=\"https:\/\/www.k2projekt.com.pl\/wp-content\/uploads\/2019\/12\/Dodatki_14.jpg\" alt=\"\" width=\"1200\" height=\"798\" class=\"aligncenter size-full wp-image-4582 no-lazyload\" srcset=\"https:\/\/www.k2projekt.com.pl\/wp-content\/uploads\/2019\/12\/Dodatki_14.jpg 1200w, https:\/\/www.k2projekt.com.pl\/wp-content\/uploads\/2019\/12\/Dodatki_14-300x200.jpg 300w, https:\/\/www.k2projekt.com.pl\/wp-content\/uploads\/2019\/12\/Dodatki_14-1024x681.jpg 1024w, https:\/\/www.k2projekt.com.pl\/wp-content\/uploads\/2019\/12\/Dodatki_14-768x511.jpg 768w\" sizes=\"(max-width: 1200px) 100vw, 1200px\" \/><\/p>\n<p><img decoding=\"async\" src=\"https:\/\/www.k2projekt.com.pl\/wp-content\/uploads\/2019\/12\/Dodatki_15.jpg\" alt=\"\" width=\"1200\" height=\"798\" class=\"aligncenter size-full wp-image-4583 no-lazyload\" srcset=\"https:\/\/www.k2projekt.com.pl\/wp-content\/uploads\/2019\/12\/Dodatki_15.jpg 1200w, https:\/\/www.k2projekt.com.pl\/wp-content\/uploads\/2019\/12\/Dodatki_15-300x200.jpg 300w, https:\/\/www.k2projekt.com.pl\/wp-content\/uploads\/2019\/12\/Dodatki_15-1024x681.jpg 1024w, https:\/\/www.k2projekt.com.pl\/wp-content\/uploads\/2019\/12\/Dodatki_15-768x511.jpg 768w\" sizes=\"(max-width: 1200px) 100vw, 1200px\" \/><\/p>\n<p>Zdj\u0119cia drukuj\u0119 na najwy\u017cszej jako\u015bci materia\u0142ach w sprawdzonym i niezawodnym fotolabie <a href=\"https:\/\/cyfrowaciemnia.pl\/\">Cyfrowa Ciemnia<\/a> \ud83d\ude42<\/p>\n<p>Zapraszam do <a href=\"http:\/\/www.k2projekt.com.pl\/menu\/kontakt\/\" rel=\"noopener\">kontaktu<\/a>\u00a0\ud83d\ude42<\/p>\n<p><img decoding=\"async\" class=\"aligncenter size-full wp-image-1031 no-lazyload\" src=\"http:\/\/www.k2projekt.com.pl\/wp-content\/uploads\/2018\/01\/FX1_5071.jpg\" alt=\"\" width=\"960\" height=\"639\" srcset=\"https:\/\/www.k2projekt.com.pl\/wp-content\/uploads\/2018\/01\/FX1_5071.jpg 960w, https:\/\/www.k2projekt.com.pl\/wp-content\/uploads\/2018\/01\/FX1_5071-300x200.jpg 300w, https:\/\/www.k2projekt.com.pl\/wp-content\/uploads\/2018\/01\/FX1_5071-768x511.jpg 768w\" sizes=\"(max-width: 960px) 100vw, 960px\" \/><\/p>\n<p><img decoding=\"async\" class=\"aligncenter size-full wp-image-1032 no-lazyload\" src=\"http:\/\/www.k2projekt.com.pl\/wp-content\/uploads\/2018\/01\/FX1_5075.jpg\" alt=\"\" width=\"960\" height=\"639\" srcset=\"https:\/\/www.k2projekt.com.pl\/wp-content\/uploads\/2018\/01\/FX1_5075.jpg 960w, https:\/\/www.k2projekt.com.pl\/wp-content\/uploads\/2018\/01\/FX1_5075-300x200.jpg 300w, https:\/\/www.k2projekt.com.pl\/wp-content\/uploads\/2018\/01\/FX1_5075-768x511.jpg 768w\" sizes=\"(max-width: 960px) 100vw, 960px\" \/><\/p>\n<p><img decoding=\"async\" class=\"aligncenter size-full wp-image-1033 no-lazyload\" src=\"http:\/\/www.k2projekt.com.pl\/wp-content\/uploads\/2018\/01\/FX1_5076.jpg\" alt=\"\" width=\"960\" height=\"639\" srcset=\"https:\/\/www.k2projekt.com.pl\/wp-content\/uploads\/2018\/01\/FX1_5076.jpg 960w, https:\/\/www.k2projekt.com.pl\/wp-content\/uploads\/2018\/01\/FX1_5076-300x200.jpg 300w, https:\/\/www.k2projekt.com.pl\/wp-content\/uploads\/2018\/01\/FX1_5076-768x511.jpg 768w\" sizes=\"(max-width: 960px) 100vw, 960px\" \/><\/p>\n","protected":false},"excerpt":{"rendered":"<p>Je\u015bli podobaj\u0105 Wam si\u0119 moje zdj\u0119cia i chcieliby\u015bcie mie\u0107 je u siebie w domu, biurze, mieszkaniu &#8211; napiszcie do mnie \ud83d\ude42 Proponuj\u0119 wydruki na piance, wydruki na p\u0142\u00f3tnie&#8230;<\/p>\n","protected":false},"author":1,"featured_media":0,"parent":0,"menu_order":0,"comment_status":"closed","ping_status":"closed","template":"","meta":{"footnotes":""},"class_list":["post-839","page","type-page","status-publish","hentry"],"yoast_head":"<!-- This site is optimized with the Yoast SEO plugin v27.5 - https:\/\/yoast.com\/product\/yoast-seo-wordpress\/ -->\n<title>Reprodukcje - k2projekt<\/title>\n<meta name=\"robots\" content=\"index, follow, max-snippet:-1, max-image-preview:large, max-video-preview:-1\" \/>\n<link rel=\"canonical\" href=\"https:\/\/www.k2projekt.com.pl\/?page_id=839\" \/>\n<meta property=\"og:locale\" content=\"pl_PL\" \/>\n<meta property=\"og:type\" content=\"article\" \/>\n<meta property=\"og:title\" content=\"Reprodukcje - k2projekt\" \/>\n<meta property=\"og:description\" content=\"Je\u015bli podobaj\u0105 Wam si\u0119 moje zdj\u0119cia i chcieliby\u015bcie mie\u0107 je u siebie w domu, biurze, mieszkaniu &#8211; napiszcie do mnie \ud83d\ude42 Proponuj\u0119 wydruki na piance, wydruki na p\u0142\u00f3tnie...\" \/>\n<meta property=\"og:url\" content=\"https:\/\/www.k2projekt.com.pl\/?page_id=839\" \/>\n<meta property=\"og:site_name\" content=\"k2projekt\" \/>\n<meta property=\"article:modified_time\" content=\"2020-04-07T12:29:59+00:00\" \/>\n<meta property=\"og:image\" content=\"https:\/\/www.k2projekt.com.pl\/wp-content\/uploads\/2019\/12\/Dodatki_01.jpg\" \/>\n<meta name=\"twitter:card\" content=\"summary_large_image\" \/>\n<meta name=\"twitter:label1\" content=\"Szacowany czas czytania\" \/>\n\t<meta name=\"twitter:data1\" content=\"1 minuta\" \/>\n<script type=\"application\/ld+json\" class=\"yoast-schema-graph\">{\"@context\":\"https:\\\/\\\/schema.org\",\"@graph\":[{\"@type\":\"WebPage\",\"@id\":\"https:\\\/\\\/www.k2projekt.com.pl\\\/?page_id=839\",\"url\":\"https:\\\/\\\/www.k2projekt.com.pl\\\/?page_id=839\",\"name\":\"Reprodukcje - k2projekt\",\"isPartOf\":{\"@id\":\"https:\\\/\\\/www.k2projekt.com.pl\\\/#website\"},\"primaryImageOfPage\":{\"@id\":\"https:\\\/\\\/www.k2projekt.com.pl\\\/?page_id=839#primaryimage\"},\"image\":{\"@id\":\"https:\\\/\\\/www.k2projekt.com.pl\\\/?page_id=839#primaryimage\"},\"thumbnailUrl\":\"https:\\\/\\\/www.k2projekt.com.pl\\\/wp-content\\\/uploads\\\/2019\\\/12\\\/Dodatki_01.jpg\",\"datePublished\":\"2017-10-29T16:59:09+00:00\",\"dateModified\":\"2020-04-07T12:29:59+00:00\",\"breadcrumb\":{\"@id\":\"https:\\\/\\\/www.k2projekt.com.pl\\\/?page_id=839#breadcrumb\"},\"inLanguage\":\"pl-PL\",\"potentialAction\":[{\"@type\":\"ReadAction\",\"target\":[\"https:\\\/\\\/www.k2projekt.com.pl\\\/?page_id=839\"]}]},{\"@type\":\"ImageObject\",\"inLanguage\":\"pl-PL\",\"@id\":\"https:\\\/\\\/www.k2projekt.com.pl\\\/?page_id=839#primaryimage\",\"url\":\"https:\\\/\\\/www.k2projekt.com.pl\\\/wp-content\\\/uploads\\\/2019\\\/12\\\/Dodatki_01.jpg\",\"contentUrl\":\"https:\\\/\\\/www.k2projekt.com.pl\\\/wp-content\\\/uploads\\\/2019\\\/12\\\/Dodatki_01.jpg\",\"width\":1200,\"height\":798},{\"@type\":\"BreadcrumbList\",\"@id\":\"https:\\\/\\\/www.k2projekt.com.pl\\\/?page_id=839#breadcrumb\",\"itemListElement\":[{\"@type\":\"ListItem\",\"position\":1,\"name\":\"Strona g\u0142\u00f3wna\",\"item\":\"https:\\\/\\\/www.k2projekt.com.pl\\\/\"},{\"@type\":\"ListItem\",\"position\":2,\"name\":\"Reprodukcje\"}]},{\"@type\":\"WebSite\",\"@id\":\"https:\\\/\\\/www.k2projekt.com.pl\\\/#website\",\"url\":\"https:\\\/\\\/www.k2projekt.com.pl\\\/\",\"name\":\"k2projekt\",\"description\":\"Krzysztof Karpi\u0144ski\",\"publisher\":{\"@id\":\"https:\\\/\\\/www.k2projekt.com.pl\\\/#\\\/schema\\\/person\\\/ae59e520a6eee8fa26521dd61a153b57\"},\"potentialAction\":[{\"@type\":\"SearchAction\",\"target\":{\"@type\":\"EntryPoint\",\"urlTemplate\":\"https:\\\/\\\/www.k2projekt.com.pl\\\/?s={search_term_string}\"},\"query-input\":{\"@type\":\"PropertyValueSpecification\",\"valueRequired\":true,\"valueName\":\"search_term_string\"}}],\"inLanguage\":\"pl-PL\"},{\"@type\":[\"Person\",\"Organization\"],\"@id\":\"https:\\\/\\\/www.k2projekt.com.pl\\\/#\\\/schema\\\/person\\\/ae59e520a6eee8fa26521dd61a153b57\",\"name\":\"karpik\",\"image\":{\"@type\":\"ImageObject\",\"inLanguage\":\"pl-PL\",\"@id\":\"https:\\\/\\\/www.k2projekt.com.pl\\\/wp-content\\\/uploads\\\/2019\\\/05\\\/KTW_41.jpg\",\"url\":\"https:\\\/\\\/www.k2projekt.com.pl\\\/wp-content\\\/uploads\\\/2019\\\/05\\\/KTW_41.jpg\",\"contentUrl\":\"https:\\\/\\\/www.k2projekt.com.pl\\\/wp-content\\\/uploads\\\/2019\\\/05\\\/KTW_41.jpg\",\"width\":1200,\"height\":799,\"caption\":\"karpik\"},\"logo\":{\"@id\":\"https:\\\/\\\/www.k2projekt.com.pl\\\/wp-content\\\/uploads\\\/2019\\\/05\\\/KTW_41.jpg\"}}]}<\/script>\n<!-- \/ Yoast SEO plugin. -->","yoast_head_json":{"title":"Reprodukcje - k2projekt","robots":{"index":"index","follow":"follow","max-snippet":"max-snippet:-1","max-image-preview":"max-image-preview:large","max-video-preview":"max-video-preview:-1"},"canonical":"https:\/\/www.k2projekt.com.pl\/?page_id=839","og_locale":"pl_PL","og_type":"article","og_title":"Reprodukcje - k2projekt","og_description":"Je\u015bli podobaj\u0105 Wam si\u0119 moje zdj\u0119cia i chcieliby\u015bcie mie\u0107 je u siebie w domu, biurze, mieszkaniu &#8211; napiszcie do mnie \ud83d\ude42 Proponuj\u0119 wydruki na piance, wydruki na p\u0142\u00f3tnie...","og_url":"https:\/\/www.k2projekt.com.pl\/?page_id=839","og_site_name":"k2projekt","article_modified_time":"2020-04-07T12:29:59+00:00","og_image":[{"url":"https:\/\/www.k2projekt.com.pl\/wp-content\/uploads\/2019\/12\/Dodatki_01.jpg","type":"","width":"","height":""}],"twitter_card":"summary_large_image","twitter_misc":{"Szacowany czas czytania":"1 minuta"},"schema":{"@context":"https:\/\/schema.org","@graph":[{"@type":"WebPage","@id":"https:\/\/www.k2projekt.com.pl\/?page_id=839","url":"https:\/\/www.k2projekt.com.pl\/?page_id=839","name":"Reprodukcje - k2projekt","isPartOf":{"@id":"https:\/\/www.k2projekt.com.pl\/#website"},"primaryImageOfPage":{"@id":"https:\/\/www.k2projekt.com.pl\/?page_id=839#primaryimage"},"image":{"@id":"https:\/\/www.k2projekt.com.pl\/?page_id=839#primaryimage"},"thumbnailUrl":"https:\/\/www.k2projekt.com.pl\/wp-content\/uploads\/2019\/12\/Dodatki_01.jpg","datePublished":"2017-10-29T16:59:09+00:00","dateModified":"2020-04-07T12:29:59+00:00","breadcrumb":{"@id":"https:\/\/www.k2projekt.com.pl\/?page_id=839#breadcrumb"},"inLanguage":"pl-PL","potentialAction":[{"@type":"ReadAction","target":["https:\/\/www.k2projekt.com.pl\/?page_id=839"]}]},{"@type":"ImageObject","inLanguage":"pl-PL","@id":"https:\/\/www.k2projekt.com.pl\/?page_id=839#primaryimage","url":"https:\/\/www.k2projekt.com.pl\/wp-content\/uploads\/2019\/12\/Dodatki_01.jpg","contentUrl":"https:\/\/www.k2projekt.com.pl\/wp-content\/uploads\/2019\/12\/Dodatki_01.jpg","width":1200,"height":798},{"@type":"BreadcrumbList","@id":"https:\/\/www.k2projekt.com.pl\/?page_id=839#breadcrumb","itemListElement":[{"@type":"ListItem","position":1,"name":"Strona g\u0142\u00f3wna","item":"https:\/\/www.k2projekt.com.pl\/"},{"@type":"ListItem","position":2,"name":"Reprodukcje"}]},{"@type":"WebSite","@id":"https:\/\/www.k2projekt.com.pl\/#website","url":"https:\/\/www.k2projekt.com.pl\/","name":"k2projekt","description":"Krzysztof Karpi\u0144ski","publisher":{"@id":"https:\/\/www.k2projekt.com.pl\/#\/schema\/person\/ae59e520a6eee8fa26521dd61a153b57"},"potentialAction":[{"@type":"SearchAction","target":{"@type":"EntryPoint","urlTemplate":"https:\/\/www.k2projekt.com.pl\/?s={search_term_string}"},"query-input":{"@type":"PropertyValueSpecification","valueRequired":true,"valueName":"search_term_string"}}],"inLanguage":"pl-PL"},{"@type":["Person","Organization"],"@id":"https:\/\/www.k2projekt.com.pl\/#\/schema\/person\/ae59e520a6eee8fa26521dd61a153b57","name":"karpik","image":{"@type":"ImageObject","inLanguage":"pl-PL","@id":"https:\/\/www.k2projekt.com.pl\/wp-content\/uploads\/2019\/05\/KTW_41.jpg","url":"https:\/\/www.k2projekt.com.pl\/wp-content\/uploads\/2019\/05\/KTW_41.jpg","contentUrl":"https:\/\/www.k2projekt.com.pl\/wp-content\/uploads\/2019\/05\/KTW_41.jpg","width":1200,"height":799,"caption":"karpik"},"logo":{"@id":"https:\/\/www.k2projekt.com.pl\/wp-content\/uploads\/2019\/05\/KTW_41.jpg"}}]}},"_links":{"self":[{"href":"https:\/\/www.k2projekt.com.pl\/index.php?rest_route=\/wp\/v2\/pages\/839","targetHints":{"allow":["GET"]}}],"collection":[{"href":"https:\/\/www.k2projekt.com.pl\/index.php?rest_route=\/wp\/v2\/pages"}],"about":[{"href":"https:\/\/www.k2projekt.com.pl\/index.php?rest_route=\/wp\/v2\/types\/page"}],"author":[{"embeddable":true,"href":"https:\/\/www.k2projekt.com.pl\/index.php?rest_route=\/wp\/v2\/users\/1"}],"replies":[{"embeddable":true,"href":"https:\/\/www.k2projekt.com.pl\/index.php?rest_route=%2Fwp%2Fv2%2Fcomments&post=839"}],"version-history":[{"count":9,"href":"https:\/\/www.k2projekt.com.pl\/index.php?rest_route=\/wp\/v2\/pages\/839\/revisions"}],"predecessor-version":[{"id":4844,"href":"https:\/\/www.k2projekt.com.pl\/index.php?rest_route=\/wp\/v2\/pages\/839\/revisions\/4844"}],"wp:attachment":[{"href":"https:\/\/www.k2projekt.com.pl\/index.php?rest_route=%2Fwp%2Fv2%2Fmedia&parent=839"}],"curies":[{"name":"wp","href":"https:\/\/api.w.org\/{rel}","templated":true}]}}